{"id":1062,"date":"2024-06-13T15:16:23","date_gmt":"2024-06-13T12:16:23","guid":{"rendered":"http:\/\/localhost\/wordpress\/?page_id=1062"},"modified":"2024-07-24T22:13:39","modified_gmt":"2024-07-24T19:13:39","slug":"mcs-marine-control-services","status":"publish","type":"page","link":"https:\/\/www.ekerengineering.com\/en\/mcs-marine-control-services\/","title":{"rendered":"MCS Marine Control Services"},"content":{"rendered":"<div data-elementor-type=\"wp-page\" data-elementor-id=\"1062\" class=\"elementor elementor-1062\">\n\t\t\t\t<div class=\"elementor-element elementor-element-f7a2c07 e-flex e-con-boxed e-con e-parent\" data-id=\"f7a2c07\" data-element_type=\"container\">\n\t\t\t\t\t<div class=\"e-con-inner\">\n\t\t\t\t<div class=\"elementor-element elementor-element-e53bfda elementor-widget elementor-widget-menu-anchor\" data-id=\"e53bfda\" data-element_type=\"widget\" data-widget_type=\"menu-anchor.default\">\n\t\t\t\t<div class=\"elementor-widget-container\">\n\t\t\t<style>\/*! elementor - v3.22.0 - 24-06-2024 *\/\nbody.elementor-page .elementor-widget-menu-anchor{margin-bottom:0}<\/style>\t\t<div class=\"elementor-menu-anchor\" id=\"MCS\"><\/div>\n\t\t\t\t<\/div>\n\t\t\t\t<\/div>\n\t\t\t\t<div class=\"elementor-element elementor-element-eca69a6 elementor-invisible elementor-widget elementor-widget-heading\" data-id=\"eca69a6\" data-element_type=\"widget\" data-settings=\"{&quot;_animation&quot;:&quot;fadeIn&quot;}\" data-widget_type=\"heading.default\">\n\t\t\t\t<div class=\"elementor-widget-container\">\n\t\t\t<style>\/*! elementor - v3.22.0 - 24-06-2024 *\/\n.elementor-heading-title{padding:0;margin:0;line-height:1}.elementor-widget-heading .elementor-heading-title[class*=elementor-size-]>a{color:inherit;font-size:inherit;line-height:inherit}.elementor-widget-heading .elementor-heading-title.elementor-size-small{font-size:15px}.elementor-widget-heading .elementor-heading-title.elementor-size-medium{font-size:19px}.elementor-widget-heading .elementor-heading-title.elementor-size-large{font-size:29px}.elementor-widget-heading .elementor-heading-title.elementor-size-xl{font-size:39px}.elementor-widget-heading .elementor-heading-title.elementor-size-xxl{font-size:59px}<\/style><h4 class=\"elementor-heading-title elementor-size-default\">MCS Automation System Configuration<\/h4>\t\t<\/div>\n\t\t\t\t<\/div>\n\t\t\t\t<div class=\"elementor-element elementor-element-f13a801 elementor-widget__width-inherit elementor-widget elementor-widget-shortcode\" data-id=\"f13a801\" data-element_type=\"widget\" data-widget_type=\"shortcode.default\">\n\t\t\t\t<div class=\"elementor-widget-container\">\n\t\t\t\t\t<div class=\"elementor-shortcode\">                <h4 class=\"igd-embed-name\">API MCS General Presentation.pdf<\/h4>\n\t\t\t<iframe class=\"igd-embed\" src=\"https:\/\/drive.google.com\/file\/d\/10QVkNIG1WfLHQON6eusVkYBJZP-TSr0G\/preview?rm=minimal\" frameborder=\"0\" scrolling=\"no\" width=\"120%\" height=\"600px\" referrerpolicy=\"no-referrer\" allow=\"autoplay\" allowfullscreen=\"allowfullscreen\" ><\/iframe>                <h4 class=\"igd-embed-name\">MCS Evolution IAS for Vessels.pdf<\/h4>\n\t\t\t<iframe class=\"igd-embed\" src=\"https:\/\/drive.google.com\/file\/d\/10IJDG1fQu_hHld0q6iBZQLM6H8J9SeJK\/preview?rm=minimal\" frameborder=\"0\" scrolling=\"no\" width=\"120%\" height=\"600px\" referrerpolicy=\"no-referrer\" allow=\"autoplay\" allowfullscreen=\"allowfullscreen\" ><\/iframe>                <h4 class=\"igd-embed-name\">Evolution IAS 23A-1878 - draft.pdf<\/h4>\n\t\t\t<iframe class=\"igd-embed\" src=\"https:\/\/drive.google.com\/file\/d\/11Oqxn8WtQw-_ufrsF82nqPPAcpawDtYa\/preview?rm=minimal\" frameborder=\"0\" scrolling=\"no\" width=\"120%\" height=\"600px\" referrerpolicy=\"no-referrer\" allow=\"autoplay\" allowfullscreen=\"allowfullscreen\" ><\/iframe>                <h4 class=\"igd-embed-name\">KISMET .pdf<\/h4>\n\t\t\t<iframe class=\"igd-embed\" src=\"https:\/\/drive.google.com\/file\/d\/10KMO09xECWl3YA2neY9EsQpBYbdM0RWy\/preview?rm=minimal\" frameborder=\"0\" scrolling=\"no\" width=\"120%\" height=\"600px\" referrerpolicy=\"no-referrer\" allow=\"autoplay\" allowfullscreen=\"allowfullscreen\" ><\/iframe>                <h4 class=\"igd-embed-name\">SOARING.pdf<\/h4>\n\t\t\t<iframe class=\"igd-embed\" src=\"https:\/\/drive.google.com\/file\/d\/10Ga8kqrpziY7KPn3b0arHvKTjtLMfIQe\/preview?rm=minimal\" frameborder=\"0\" scrolling=\"no\" width=\"120%\" height=\"600px\" referrerpolicy=\"no-referrer\" allow=\"autoplay\" allowfullscreen=\"allowfullscreen\" ><\/iframe><\/div>\n\t\t\t\t<\/div>\n\t\t\t\t<\/div>\n\t\t\t\t<div class=\"elementor-element elementor-element-30af55a elementor-invisible elementor-widget elementor-widget-text-editor\" data-id=\"30af55a\" data-element_type=\"widget\" data-settings=\"{&quot;_animation&quot;:&quot;fadeIn&quot;}\" data-widget_type=\"text-editor.default\">\n\t\t\t\t<div class=\"elementor-widget-container\">\n\t\t\t<style>\/*! elementor - v3.22.0 - 24-06-2024 *\/\n.elementor-widget-text-editor.elementor-drop-cap-view-stacked .elementor-drop-cap{background-color:#69727d;color:#fff}.elementor-widget-text-editor.elementor-drop-cap-view-framed .elementor-drop-cap{color:#69727d;border:3px solid;background-color:transparent}.elementor-widget-text-editor:not(.elementor-drop-cap-view-default) .elementor-drop-cap{margin-top:8px}.elementor-widget-text-editor:not(.elementor-drop-cap-view-default) .elementor-drop-cap-letter{width:1em;height:1em}.elementor-widget-text-editor .elementor-drop-cap{float:left;text-align:center;line-height:1;font-size:50px}.elementor-widget-text-editor .elementor-drop-cap-letter{display:inline-block}<\/style>\t\t\t\t<p>\u2022 Evolution IAS: Vessel Automation System <br \/>\u2022 Conning Overview<br \/>\u2022 Power &amp; Energy Management <br \/>\u2022 Aux Engines &amp; Main Engines<br \/>\u2022 Gear &amp; Propulsion<br \/>\u2022 Aux Systems<br \/>\u2022 Tank Sounding<br \/>\u2022 FO Economy<br \/>\u2022 PMS &amp; EMS integrated in Evolution IAS <br \/>\u2022 Safety system for diesel and generator protection<br \/>\u2022 Diesel engine control<br \/>\u2022 Loadsharing<br \/>\u2022 Customized solutions<br \/>\u2022 Control for valves, fans, compressors.<br \/>\u2022 Process regulators (PID)<br \/>\u2022 Single\/standby pump control<br \/>\u2022 Sequential restart after blackout<br \/>\u2022 Automatic functions for Ballast, bilge, fuel oil<br \/>\u2022 Fuel consumption and performance monitoring<br \/>\u2022 Single light control <br \/>\u2022 Group control<br \/>\u2022 Artificial feedback<br \/>\u2022 Evolution IAS \u2013 GSM Alert System<br \/>\u2022 Evolution IAS \u2013 Remote Assistance<\/p>\t\t\t\t\t\t<\/div>\n\t\t\t\t<\/div>\n\t\t\t\t\t<\/div>\n\t\t\t\t<\/div>\n\t\t<div class=\"elementor-element elementor-element-8759038 e-grid e-con-boxed e-con e-parent\" data-id=\"8759038\" data-element_type=\"container\">\n\t\t\t\t\t<div class=\"e-con-inner\">\n\t\t\t\t<div class=\"elementor-element elementor-element-e69c5e2 elementor-view-stacked elementor-position-left elementor-vertical-align-middle elementor-widget__width-initial elementor-shape-circle elementor-mobile-position-top elementor-invisible elementor-widget elementor-widget-icon-box\" data-id=\"e69c5e2\" data-element_type=\"widget\" data-settings=\"{&quot;_animation&quot;:&quot;fadeIn&quot;}\" data-widget_type=\"icon-box.default\">\n\t\t\t\t<div class=\"elementor-widget-container\">\n\t\t\t<link rel=\"stylesheet\" href=\"https:\/\/www.ekerengineering.com\/wp-content\/plugins\/elementor\/assets\/css\/widget-icon-box.min.css\">\t\t<div class=\"elementor-icon-box-wrapper\">\n\n\t\t\t\t\t\t<div class=\"elementor-icon-box-icon\">\n\t\t\t\t<a href=\"mailto:info@ekerengineering.com\" class=\"elementor-icon elementor-animation-\" tabindex=\"-1\">\n\t\t\t\t<svg aria-hidden=\"true\" class=\"e-font-icon-svg e-fas-mail-bulk\" viewbox=\"0 0 576 512\" xmlns=\"http:\/\/www.w3.org\/2000\/svg\"><path d=\"M160 448c-25.6 0-51.2-22.4-64-32-64-44.8-83.2-60.8-96-70.4V480c0 17.67 14.33 32 32 32h256c17.67 0 32-14.33 32-32V345.6c-12.8 9.6-32 25.6-96 70.4-12.8 9.6-38.4 32-64 32zm128-192H32c-17.67 0-32 14.33-32 32v16c25.6 19.2 22.4 19.2 115.2 86.4 9.6 6.4 28.8 25.6 44.8 25.6s35.2-19.2 44.8-22.4c92.8-67.2 89.6-67.2 115.2-86.4V288c0-17.67-14.33-32-32-32zm256-96H224c-17.67 0-32 14.33-32 32v32h96c33.21 0 60.59 25.42 63.71 57.82l.29-.22V416h192c17.67 0 32-14.33 32-32V192c0-17.67-14.33-32-32-32zm-32 128h-64v-64h64v64zm-352-96c0-35.29 28.71-64 64-64h224V32c0-17.67-14.33-32-32-32H96C78.33 0 64 14.33 64 32v192h96v-32z\"><\/path><\/svg>\t\t\t\t<\/a>\n\t\t\t<\/div>\n\t\t\t\n\t\t\t\t\t\t<div class=\"elementor-icon-box-content\">\n\n\t\t\t\t\t\t\t\t\t<h5 class=\"elementor-icon-box-title\">\n\t\t\t\t\t\t<a href=\"mailto:info@ekerengineering.com\" >\n\t\t\t\t\t\t\tinfo@ekerengineering.com\t\t\t\t\t\t<\/a>\n\t\t\t\t\t<\/h5>\n\t\t\t\t\n\t\t\t\t\n\t\t\t<\/div>\n\t\t\t\n\t\t<\/div>\n\t\t\t\t<\/div>\n\t\t\t\t<\/div>\n\t\t\t\t<div class=\"elementor-element elementor-element-59cf287 elementor-view-stacked elementor-position-left elementor-vertical-align-middle elementor-widget__width-initial elementor-shape-circle elementor-mobile-position-top elementor-invisible elementor-widget elementor-widget-icon-box\" data-id=\"59cf287\" data-element_type=\"widget\" data-settings=\"{&quot;_animation&quot;:&quot;fadeIn&quot;}\" data-widget_type=\"icon-box.default\">\n\t\t\t\t<div class=\"elementor-widget-container\">\n\t\t\t\t\t<div class=\"elementor-icon-box-wrapper\">\n\n\t\t\t\t\t\t<div class=\"elementor-icon-box-icon\">\n\t\t\t\t<a href=\"tel: 902163950912\" class=\"elementor-icon elementor-animation-\" tabindex=\"-1\">\n\t\t\t\t<svg aria-hidden=\"true\" class=\"e-font-icon-svg e-fas-phone-alt\" viewbox=\"0 0 512 512\" xmlns=\"http:\/\/www.w3.org\/2000\/svg\"><path d=\"M497.39 361.8l-112-48a24 24 0 0 0-28 6.9l-49.6 60.6A370.66 370.66 0 0 1 130.6 204.11l60.6-49.6a23.94 23.94 0 0 0 6.9-28l-48-112A24.16 24.16 0 0 0 122.6.61l-104 24A24 24 0 0 0 0 48c0 256.5 207.9 464 464 464a24 24 0 0 0 23.4-18.6l24-104a24.29 24.29 0 0 0-14.01-27.6z\"><\/path><\/svg>\t\t\t\t<\/a>\n\t\t\t<\/div>\n\t\t\t\n\t\t\t\t\t\t<div class=\"elementor-icon-box-content\">\n\n\t\t\t\t\t\t\t\t\t<h5 class=\"elementor-icon-box-title\">\n\t\t\t\t\t\t<a href=\"tel: 902163950912\" >\n\t\t\t\t\t\t\t+90(216) 395 09 12 \t\t\t\t\t\t<\/a>\n\t\t\t\t\t<\/h5>\n\t\t\t\t\n\t\t\t\t\n\t\t\t<\/div>\n\t\t\t\n\t\t<\/div>\n\t\t\t\t<\/div>\n\t\t\t\t<\/div>\n\t\t\t\t<div class=\"elementor-element elementor-element-fa87688 elementor-view-stacked elementor-position-left elementor-widget__width-initial elementor-shape-circle elementor-mobile-position-top elementor-vertical-align-top elementor-invisible elementor-widget elementor-widget-icon-box\" data-id=\"fa87688\" data-element_type=\"widget\" data-settings=\"{&quot;_animation&quot;:&quot;fadeIn&quot;}\" data-widget_type=\"icon-box.default\">\n\t\t\t\t<div class=\"elementor-widget-container\">\n\t\t\t\t\t<div class=\"elementor-icon-box-wrapper\">\n\n\t\t\t\t\t\t<div class=\"elementor-icon-box-icon\">\n\t\t\t\t<a href=\"https:\/\/www.google.com\/maps\/place\/Msy+Kari%CC%87na\/@40.839656,29.295994,13z\/data=!4m6!3m5!1s0x14cadc492a12b46b:0x9eb73461156e722a!8m2!3d40.8396562!4d29.2959939!16s%2Fg%2F11f2wf4d65?hl=tr-TR&#038;entry=ttu\" target=\"_blank\" class=\"elementor-icon elementor-animation-\" tabindex=\"-1\">\n\t\t\t\t<svg aria-hidden=\"true\" class=\"e-font-icon-svg e-fas-map-marker-alt\" viewbox=\"0 0 384 512\" xmlns=\"http:\/\/www.w3.org\/2000\/svg\"><path d=\"M172.268 501.67C26.97 291.031 0 269.413 0 192 0 85.961 85.961 0 192 0s192 85.961 192 192c0 77.413-26.97 99.031-172.268 309.67-9.535 13.774-29.93 13.773-39.464 0zM192 272c44.183 0 80-35.817 80-80s-35.817-80-80-80-80 35.817-80 80 35.817 80 80 80z\"><\/path><\/svg>\t\t\t\t<\/a>\n\t\t\t<\/div>\n\t\t\t\n\t\t\t\t\t\t<div class=\"elementor-icon-box-content\">\n\n\t\t\t\t\t\t\t\t\t<h5 class=\"elementor-icon-box-title\">\n\t\t\t\t\t\t<a href=\"https:\/\/www.google.com\/maps\/place\/Msy+Kari%CC%87na\/@40.839656,29.295994,13z\/data=!4m6!3m5!1s0x14cadc492a12b46b:0x9eb73461156e722a!8m2!3d40.8396562!4d29.2959939!16s%2Fg%2F11f2wf4d65?hl=tr-TR&#038;entry=ttu\" target=\"_blank\" >\n\t\t\t\t\t\t\tEker Engineering Evliya \u00c7elebi Mahallesi Gen\u00e7 Osman Caddesi No 45 MSY Karina \u0130\u015f Merkezi D.41 Tuzla \u2013 \u0130stanbul, Turkey Tel: +90(216) 395 09 12 Mobile: +90(530) 663 10 09 e-mail: erkan.eker@ ekerengineering.com\t\t\t\t\t\t<\/a>\n\t\t\t\t\t<\/h5>\n\t\t\t\t\n\t\t\t\t\n\t\t\t<\/div>\n\t\t\t\n\t\t<\/div>\n\t\t\t\t<\/div>\n\t\t\t\t<\/div>\n\t\t\t\t\t<\/div>\n\t\t\t\t<\/div>\n\t\t\t\t<\/div>","protected":false},"excerpt":{"rendered":"<p>MCS Automation System Configuration \u2022 Evolution IAS: Vessel Automation System \u2022 Conning Overview\u2022 Power &amp; Energy Management \u2022 Aux Engines &amp; Main Engines\u2022 Gear &amp; Propulsion\u2022 Aux Systems\u2022 Tank Sounding\u2022 FO Economy\u2022 PMS &amp; EMS integrated in Evolution IAS \u2022 Safety system for diesel and generator protection\u2022 Diesel engine control\u2022 Loadsharing\u2022 Customized solutions\u2022 Control for [\u2026]<\/p>","protected":false},"author":1,"featured_media":0,"parent":0,"menu_order":0,"comment_status":"closed","ping_status":"closed","template":"","meta":{"om_disable_all_campaigns":false,"_monsterinsights_skip_tracking":false,"_monsterinsights_sitenote_active":false,"_monsterinsights_sitenote_note":"","_monsterinsights_sitenote_category":0,"site-sidebar-layout":"no-sidebar","site-content-layout":"page-builder","ast-site-content-layout":"full-width-container","site-content-style":"default","site-sidebar-style":"default","ast-global-header-display":"","ast-banner-title-visibility":"","ast-main-header-display":"","ast-hfb-above-header-display":"","ast-hfb-below-header-display":"","ast-hfb-mobile-header-display":"","site-post-title":"disabled","ast-breadcrumbs-content":"","ast-featured-img":"disabled","footer-sml-layout":"","theme-transparent-header-meta":"","adv-header-id-meta":"","stick-header-meta":"","header-above-stick-meta":"","header-main-stick-meta":"","header-below-stick-meta":"","astra-migrate-meta-layouts":"default","ast-page-background-enabled":"default","ast-page-background-meta":{"desktop":{"background-color":"","background-image":"","background-repeat":"repeat","background-position":"center center","background-size":"auto","background-attachment":"scroll","background-type":"","background-media":"","overlay-type":"","overlay-color":"","overlay-opacity":"","overlay-gradient":""},"tablet":{"background-color":"","background-image":"","background-repeat":"repeat","background-position":"center center","background-size":"auto","background-attachment":"scroll","background-type":"","background-media":"","overlay-type":"","overlay-color":"","overlay-opacity":"","overlay-gradient":""},"mobile":{"background-color":"","background-image":"","background-repeat":"repeat","background-position":"center center","background-size":"auto","background-attachment":"scroll","background-type":"","background-media":"","overlay-type":"","overlay-color":"","overlay-opacity":"","overlay-gradient":""}},"ast-content-background-meta":{"desktop":{"background-color":"var(--ast-global-color-5)","background-image":"","background-repeat":"repeat","background-position":"center center","background-size":"auto","background-attachment":"scroll","background-type":"","background-media":"","overlay-type":"","overlay-color":"","overlay-opacity":"","overlay-gradient":""},"tablet":{"background-color":"var(--ast-global-color-5)","background-image":"","background-repeat":"repeat","background-position":"center center","background-size":"auto","background-attachment":"scroll","background-type":"","background-media":"","overlay-type":"","overlay-color":"","overlay-opacity":"","overlay-gradient":""},"mobile":{"background-color":"var(--ast-global-color-5)","background-image":"","background-repeat":"repeat","background-position":"center center","background-size":"auto","background-attachment":"scroll","background-type":"","background-media":"","overlay-type":"","overlay-color":"","overlay-opacity":"","overlay-gradient":""}},"footnotes":""},"class_list":["post-1062","page","type-page","status-publish","hentry"],"aioseo_notices":[],"_links":{"self":[{"href":"https:\/\/www.ekerengineering.com\/en\/wp-json\/wp\/v2\/pages\/1062"}],"collection":[{"href":"https:\/\/www.ekerengineering.com\/en\/wp-json\/wp\/v2\/pages"}],"about":[{"href":"https:\/\/www.ekerengineering.com\/en\/wp-json\/wp\/v2\/types\/page"}],"author":[{"embeddable":true,"href":"https:\/\/www.ekerengineering.com\/en\/wp-json\/wp\/v2\/users\/1"}],"replies":[{"embeddable":true,"href":"https:\/\/www.ekerengineering.com\/en\/wp-json\/wp\/v2\/comments?post=1062"}],"version-history":[{"count":64,"href":"https:\/\/www.ekerengineering.com\/en\/wp-json\/wp\/v2\/pages\/1062\/revisions"}],"predecessor-version":[{"id":3010,"href":"https:\/\/www.ekerengineering.com\/en\/wp-json\/wp\/v2\/pages\/1062\/revisions\/3010"}],"wp:attachment":[{"href":"https:\/\/www.ekerengineering.com\/en\/wp-json\/wp\/v2\/media?parent=1062"}],"curies":[{"name":"wp","href":"https:\/\/api.w.org\/{rel}","templated":true}]}}