{"id":1088,"date":"2024-06-14T06:57:01","date_gmt":"2024-06-14T03:57:01","guid":{"rendered":"http:\/\/localhost\/wordpress\/?page_id=1088"},"modified":"2024-07-24T22:16:26","modified_gmt":"2024-07-24T19:16:26","slug":"affco-flow-control","status":"publish","type":"page","link":"https:\/\/www.ekerengineering.com\/en\/affco-flow-control\/","title":{"rendered":"AFFCO Flow Control"},"content":{"rendered":"<div data-elementor-type=\"wp-page\" data-elementor-id=\"1088\" class=\"elementor elementor-1088\">\n\t\t\t\t<div class=\"elementor-element elementor-element-fb03151 e-flex e-con-boxed elementor-invisible e-con e-parent\" data-id=\"fb03151\" data-element_type=\"container\" data-settings=\"{&quot;animation&quot;:&quot;fadeIn&quot;}\">\n\t\t\t\t\t<div class=\"e-con-inner\">\n\t\t\t\t<div class=\"elementor-element elementor-element-960e290 elementor-invisible elementor-widget elementor-widget-shortcode\" data-id=\"960e290\" data-element_type=\"widget\" data-settings=\"{&quot;_animation&quot;:&quot;fadeIn&quot;}\" data-widget_type=\"shortcode.default\">\n\t\t\t\t<div class=\"elementor-widget-container\">\n\t\t\t\t\t<div class=\"elementor-shortcode\">                <h4 class=\"igd-embed-name\">AFFCO Introduction.pdf<\/h4>\n\t\t\t<iframe class=\"igd-embed\" src=\"https:\/\/drive.google.com\/file\/d\/11JWWqx4AL-vlH8TOryxQY6ZUjsJtkMZC\/preview?rm=minimal\" frameborder=\"0\" scrolling=\"no\" width=\"120%\" height=\"600px\" referrerpolicy=\"no-referrer\" allow=\"autoplay\" allowfullscreen=\"allowfullscreen\" ><\/iframe>                <h4 class=\"igd-embed-name\">Affco Valve Catalogue-Marine GGCB_2101_S min.pdf<\/h4>\n\t\t\t<iframe class=\"igd-embed\" src=\"https:\/\/drive.google.com\/file\/d\/10vHR452N921XmFlyVo0SEnBCV_hNOY9k\/preview?rm=minimal\" frameborder=\"0\" scrolling=\"no\" width=\"120%\" height=\"600px\" referrerpolicy=\"no-referrer\" allow=\"autoplay\" allowfullscreen=\"allowfullscreen\" ><\/iframe>                <h4 class=\"igd-embed-name\">Affco Valve Catalogue-Butterfly 2020.pdf<\/h4>\n\t\t\t<iframe class=\"igd-embed\" src=\"https:\/\/drive.google.com\/file\/d\/10vVJZWdnbtvrGWl9G1T2zTbr1epnLpOz\/preview?rm=minimal\" frameborder=\"0\" scrolling=\"no\" width=\"120%\" height=\"600px\" referrerpolicy=\"no-referrer\" allow=\"autoplay\" allowfullscreen=\"allowfullscreen\" ><\/iframe>                <h4 class=\"igd-embed-name\">Affco Certificate List.docx<\/h4>\n\t\t\t<iframe class=\"igd-embed\" src=\"https:\/\/drive.google.com\/file\/d\/10zQ1cXAxXLqeAsJCcNJp6UvHhfr1ahDO\/preview?rm=minimal\" frameborder=\"0\" scrolling=\"no\" width=\"120%\" height=\"600px\" referrerpolicy=\"no-referrer\" allow=\"autoplay\" allowfullscreen=\"allowfullscreen\" ><\/iframe><\/div>\n\t\t\t\t<\/div>\n\t\t\t\t<\/div>\n\t\t\t\t<div class=\"elementor-element elementor-element-7a4f42a elementor-widget elementor-widget-menu-anchor\" data-id=\"7a4f42a\" data-element_type=\"widget\" data-widget_type=\"menu-anchor.default\">\n\t\t\t\t<div class=\"elementor-widget-container\">\n\t\t\t<style>\/*! elementor - v3.22.0 - 24-06-2024 *\/\nbody.elementor-page .elementor-widget-menu-anchor{margin-bottom:0}<\/style>\t\t<div class=\"elementor-menu-anchor\" id=\"AFFCO\"><\/div>\n\t\t\t\t<\/div>\n\t\t\t\t<\/div>\n\t\t\t\t<div class=\"elementor-element elementor-element-f527b2e elementor-invisible elementor-widget elementor-widget-heading\" data-id=\"f527b2e\" data-element_type=\"widget\" data-settings=\"{&quot;_animation&quot;:&quot;fadeIn&quot;}\" data-widget_type=\"heading.default\">\n\t\t\t\t<div class=\"elementor-widget-container\">\n\t\t\t<style>\/*! elementor - v3.22.0 - 24-06-2024 *\/\n.elementor-heading-title{padding:0;margin:0;line-height:1}.elementor-widget-heading .elementor-heading-title[class*=elementor-size-]>a{color:inherit;font-size:inherit;line-height:inherit}.elementor-widget-heading .elementor-heading-title.elementor-size-small{font-size:15px}.elementor-widget-heading .elementor-heading-title.elementor-size-medium{font-size:19px}.elementor-widget-heading .elementor-heading-title.elementor-size-large{font-size:29px}.elementor-widget-heading .elementor-heading-title.elementor-size-xl{font-size:39px}.elementor-widget-heading .elementor-heading-title.elementor-size-xxl{font-size:59px}<\/style><h4 class=\"elementor-heading-title elementor-size-default\">AFFCO Valves<\/h4>\t\t<\/div>\n\t\t\t\t<\/div>\n\t\t\t\t<div class=\"elementor-element elementor-element-d9afe15 elementor-invisible elementor-widget elementor-widget-text-editor\" data-id=\"d9afe15\" data-element_type=\"widget\" data-settings=\"{&quot;_animation&quot;:&quot;fadeIn&quot;}\" data-widget_type=\"text-editor.default\">\n\t\t\t\t<div class=\"elementor-widget-container\">\n\t\t\t<style>\/*! elementor - v3.22.0 - 24-06-2024 *\/\n.elementor-widget-text-editor.elementor-drop-cap-view-stacked .elementor-drop-cap{background-color:#69727d;color:#fff}.elementor-widget-text-editor.elementor-drop-cap-view-framed .elementor-drop-cap{color:#69727d;border:3px solid;background-color:transparent}.elementor-widget-text-editor:not(.elementor-drop-cap-view-default) .elementor-drop-cap{margin-top:8px}.elementor-widget-text-editor:not(.elementor-drop-cap-view-default) .elementor-drop-cap-letter{width:1em;height:1em}.elementor-widget-text-editor .elementor-drop-cap{float:left;text-align:center;line-height:1;font-size:50px}.elementor-widget-text-editor .elementor-drop-cap-letter{display:inline-block}<\/style>\t\t\t\t<p>\u2022 Valve Actuation \u2013 Hydraulic \/ Electric \/ Pneumatic<br \/>\u2022 Single Plate Check Valve <br \/>\u2022 Dual Plate Check Valve <br \/>\u2022 Lift Check Valve <br \/>\u2022 Swing Check Valve <br \/>\u2022 Check Valve<br \/>\u2022 Ball Check Valve<br \/>\u2022 Wafer Lift Check Valve<br \/>\u2022 Storm Flap Valve<br \/>\u2022 Globe Valve<br \/>\u2022 Gate Valve<br \/>\u2022 Ball Valve<br \/>\u2022 Trainer<br \/>\u2022 Expansion Joint<br \/>\u2022 Duplex Chain Oil Strainer<br \/>\u2022 Foot Valve<br \/>\u2022 Pressure Reducing Valve<br \/>\u2022 Air Vent Check Valve<br \/>\u2022 Quick Closing Valves<br \/>\u2022 Basket Strainer<br \/>\u2022 Mud box<br \/>\u2022 Plug Valve<br \/>\u2022 Fire Hose Valve<br \/>\u2022 Pressure Gauge Valve<br \/>\u2022 Sight Glass<br \/>\u2022 Blind Flange Valve<br \/>\u2022 Needle Valve<br \/>\u2022 Self Closing Valve<\/p>\t\t\t\t\t\t<\/div>\n\t\t\t\t<\/div>\n\t\t\t\t\t<\/div>\n\t\t\t\t<\/div>\n\t\t<div class=\"elementor-element elementor-element-7345e02 e-grid e-con-boxed e-con e-parent\" data-id=\"7345e02\" data-element_type=\"container\">\n\t\t\t\t\t<div class=\"e-con-inner\">\n\t\t\t\t<div class=\"elementor-element elementor-element-4dca90a elementor-view-stacked elementor-position-left elementor-vertical-align-middle elementor-widget__width-initial elementor-shape-circle elementor-mobile-position-top elementor-invisible elementor-widget elementor-widget-icon-box\" data-id=\"4dca90a\" data-element_type=\"widget\" data-settings=\"{&quot;_animation&quot;:&quot;fadeIn&quot;}\" data-widget_type=\"icon-box.default\">\n\t\t\t\t<div class=\"elementor-widget-container\">\n\t\t\t<link rel=\"stylesheet\" href=\"https:\/\/www.ekerengineering.com\/wp-content\/plugins\/elementor\/assets\/css\/widget-icon-box.min.css\">\t\t<div class=\"elementor-icon-box-wrapper\">\n\n\t\t\t\t\t\t<div class=\"elementor-icon-box-icon\">\n\t\t\t\t<a href=\"mailto:info@ekerengineering.com\" class=\"elementor-icon elementor-animation-\" tabindex=\"-1\">\n\t\t\t\t<svg aria-hidden=\"true\" class=\"e-font-icon-svg e-fas-mail-bulk\" viewbox=\"0 0 576 512\" xmlns=\"http:\/\/www.w3.org\/2000\/svg\"><path d=\"M160 448c-25.6 0-51.2-22.4-64-32-64-44.8-83.2-60.8-96-70.4V480c0 17.67 14.33 32 32 32h256c17.67 0 32-14.33 32-32V345.6c-12.8 9.6-32 25.6-96 70.4-12.8 9.6-38.4 32-64 32zm128-192H32c-17.67 0-32 14.33-32 32v16c25.6 19.2 22.4 19.2 115.2 86.4 9.6 6.4 28.8 25.6 44.8 25.6s35.2-19.2 44.8-22.4c92.8-67.2 89.6-67.2 115.2-86.4V288c0-17.67-14.33-32-32-32zm256-96H224c-17.67 0-32 14.33-32 32v32h96c33.21 0 60.59 25.42 63.71 57.82l.29-.22V416h192c17.67 0 32-14.33 32-32V192c0-17.67-14.33-32-32-32zm-32 128h-64v-64h64v64zm-352-96c0-35.29 28.71-64 64-64h224V32c0-17.67-14.33-32-32-32H96C78.33 0 64 14.33 64 32v192h96v-32z\"><\/path><\/svg>\t\t\t\t<\/a>\n\t\t\t<\/div>\n\t\t\t\n\t\t\t\t\t\t<div class=\"elementor-icon-box-content\">\n\n\t\t\t\t\t\t\t\t\t<h5 class=\"elementor-icon-box-title\">\n\t\t\t\t\t\t<a href=\"mailto:info@ekerengineering.com\" >\n\t\t\t\t\t\t\tinfo@ekerengineering.com\t\t\t\t\t\t<\/a>\n\t\t\t\t\t<\/h5>\n\t\t\t\t\n\t\t\t\t\n\t\t\t<\/div>\n\t\t\t\n\t\t<\/div>\n\t\t\t\t<\/div>\n\t\t\t\t<\/div>\n\t\t\t\t<div class=\"elementor-element elementor-element-d26763d elementor-view-stacked elementor-position-left elementor-vertical-align-middle elementor-widget__width-initial elementor-shape-circle elementor-mobile-position-top elementor-invisible elementor-widget elementor-widget-icon-box\" data-id=\"d26763d\" data-element_type=\"widget\" data-settings=\"{&quot;_animation&quot;:&quot;fadeIn&quot;}\" data-widget_type=\"icon-box.default\">\n\t\t\t\t<div class=\"elementor-widget-container\">\n\t\t\t\t\t<div class=\"elementor-icon-box-wrapper\">\n\n\t\t\t\t\t\t<div class=\"elementor-icon-box-icon\">\n\t\t\t\t<a href=\"tel: 902163950912\" class=\"elementor-icon elementor-animation-\" tabindex=\"-1\">\n\t\t\t\t<svg aria-hidden=\"true\" class=\"e-font-icon-svg e-fas-phone-alt\" viewbox=\"0 0 512 512\" xmlns=\"http:\/\/www.w3.org\/2000\/svg\"><path d=\"M497.39 361.8l-112-48a24 24 0 0 0-28 6.9l-49.6 60.6A370.66 370.66 0 0 1 130.6 204.11l60.6-49.6a23.94 23.94 0 0 0 6.9-28l-48-112A24.16 24.16 0 0 0 122.6.61l-104 24A24 24 0 0 0 0 48c0 256.5 207.9 464 464 464a24 24 0 0 0 23.4-18.6l24-104a24.29 24.29 0 0 0-14.01-27.6z\"><\/path><\/svg>\t\t\t\t<\/a>\n\t\t\t<\/div>\n\t\t\t\n\t\t\t\t\t\t<div class=\"elementor-icon-box-content\">\n\n\t\t\t\t\t\t\t\t\t<h5 class=\"elementor-icon-box-title\">\n\t\t\t\t\t\t<a href=\"tel: 902163950912\" >\n\t\t\t\t\t\t\t+90(216) 395 09 12 \t\t\t\t\t\t<\/a>\n\t\t\t\t\t<\/h5>\n\t\t\t\t\n\t\t\t\t\n\t\t\t<\/div>\n\t\t\t\n\t\t<\/div>\n\t\t\t\t<\/div>\n\t\t\t\t<\/div>\n\t\t\t\t<div class=\"elementor-element elementor-element-e29d1af elementor-view-stacked elementor-position-left elementor-widget__width-initial elementor-shape-circle elementor-mobile-position-top elementor-vertical-align-top elementor-invisible elementor-widget elementor-widget-icon-box\" data-id=\"e29d1af\" data-element_type=\"widget\" data-settings=\"{&quot;_animation&quot;:&quot;fadeIn&quot;}\" data-widget_type=\"icon-box.default\">\n\t\t\t\t<div class=\"elementor-widget-container\">\n\t\t\t\t\t<div class=\"elementor-icon-box-wrapper\">\n\n\t\t\t\t\t\t<div class=\"elementor-icon-box-icon\">\n\t\t\t\t<a href=\"https:\/\/www.google.com\/maps\/place\/Msy+Kari%CC%87na\/@40.839656,29.295994,13z\/data=!4m6!3m5!1s0x14cadc492a12b46b:0x9eb73461156e722a!8m2!3d40.8396562!4d29.2959939!16s%2Fg%2F11f2wf4d65?hl=tr-TR&#038;entry=ttu\" target=\"_blank\" class=\"elementor-icon elementor-animation-\" tabindex=\"-1\">\n\t\t\t\t<svg aria-hidden=\"true\" class=\"e-font-icon-svg e-fas-map-marker-alt\" viewbox=\"0 0 384 512\" xmlns=\"http:\/\/www.w3.org\/2000\/svg\"><path d=\"M172.268 501.67C26.97 291.031 0 269.413 0 192 0 85.961 85.961 0 192 0s192 85.961 192 192c0 77.413-26.97 99.031-172.268 309.67-9.535 13.774-29.93 13.773-39.464 0zM192 272c44.183 0 80-35.817 80-80s-35.817-80-80-80-80 35.817-80 80 35.817 80 80 80z\"><\/path><\/svg>\t\t\t\t<\/a>\n\t\t\t<\/div>\n\t\t\t\n\t\t\t\t\t\t<div class=\"elementor-icon-box-content\">\n\n\t\t\t\t\t\t\t\t\t<h5 class=\"elementor-icon-box-title\">\n\t\t\t\t\t\t<a href=\"https:\/\/www.google.com\/maps\/place\/Msy+Kari%CC%87na\/@40.839656,29.295994,13z\/data=!4m6!3m5!1s0x14cadc492a12b46b:0x9eb73461156e722a!8m2!3d40.8396562!4d29.2959939!16s%2Fg%2F11f2wf4d65?hl=tr-TR&#038;entry=ttu\" target=\"_blank\" >\n\t\t\t\t\t\t\tEker Engineering Evliya \u00c7elebi Mahallesi Gen\u00e7 Osman Caddesi No 45 MSY Karina \u0130\u015f Merkezi D.41 Tuzla \u2013 \u0130stanbul, Turkey Tel: +90(216) 395 09 12 Mobile: +90(530) 663 10 09 e-mail: erkan.eker@ ekerengineering.com\t\t\t\t\t\t<\/a>\n\t\t\t\t\t<\/h5>\n\t\t\t\t\n\t\t\t\t\n\t\t\t<\/div>\n\t\t\t\n\t\t<\/div>\n\t\t\t\t<\/div>\n\t\t\t\t<\/div>\n\t\t\t\t\t<\/div>\n\t\t\t\t<\/div>\n\t\t\t\t<\/div>","protected":false},"excerpt":{"rendered":"<p>AFFCO Valves \u2022 Valve Actuation \u2013 Hydraulic \/ Electric \/ Pneumatic\u2022 Single Plate Check Valve \u2022 Dual Plate Check Valve \u2022 Lift Check Valve \u2022 Swing Check Valve \u2022 Check Valve\u2022 Ball Check Valve\u2022 Wafer Lift Check Valve\u2022 Storm Flap Valve\u2022 Globe Valve\u2022 Gate Valve\u2022 Ball Valve\u2022 Strainer\u2022 Expansion Joint\u2022 Duplex Chain Oil Strainer\u2022 Foot [\u2026]<\/p>","protected":false},"author":1,"featured_media":0,"parent":0,"menu_order":0,"comment_status":"closed","ping_status":"closed","template":"","meta":{"om_disable_all_campaigns":false,"_monsterinsights_skip_tracking":false,"_monsterinsights_sitenote_active":false,"_monsterinsights_sitenote_note":"","_monsterinsights_sitenote_category":0,"site-sidebar-layout":"no-sidebar","site-content-layout":"page-builder","ast-site-content-layout":"full-width-container","site-content-style":"default","site-sidebar-style":"default","ast-global-header-display":"","ast-banner-title-visibility":"","ast-main-header-display":"","ast-hfb-above-header-display":"","ast-hfb-below-header-display":"","ast-hfb-mobile-header-display":"","site-post-title":"disabled","ast-breadcrumbs-content":"","ast-featured-img":"disabled","footer-sml-layout":"","theme-transparent-header-meta":"","adv-header-id-meta":"","stick-header-meta":"","header-above-stick-meta":"","header-main-stick-meta":"","header-below-stick-meta":"","astra-migrate-meta-layouts":"default","ast-page-background-enabled":"default","ast-page-background-meta":{"desktop":{"background-color":"","background-image":"","background-repeat":"repeat","background-position":"center center","background-size":"auto","background-attachment":"scroll","background-type":"","background-media":"","overlay-type":"","overlay-color":"","overlay-opacity":"","overlay-gradient":""},"tablet":{"background-color":"","background-image":"","background-repeat":"repeat","background-position":"center center","background-size":"auto","background-attachment":"scroll","background-type":"","background-media":"","overlay-type":"","overlay-color":"","overlay-opacity":"","overlay-gradient":""},"mobile":{"background-color":"","background-image":"","background-repeat":"repeat","background-position":"center center","background-size":"auto","background-attachment":"scroll","background-type":"","background-media":"","overlay-type":"","overlay-color":"","overlay-opacity":"","overlay-gradient":""}},"ast-content-background-meta":{"desktop":{"background-color":"var(--ast-global-color-5)","background-image":"","background-repeat":"repeat","background-position":"center center","background-size":"auto","background-attachment":"scroll","background-type":"","background-media":"","overlay-type":"","overlay-color":"","overlay-opacity":"","overlay-gradient":""},"tablet":{"background-color":"var(--ast-global-color-5)","background-image":"","background-repeat":"repeat","background-position":"center center","background-size":"auto","background-attachment":"scroll","background-type":"","background-media":"","overlay-type":"","overlay-color":"","overlay-opacity":"","overlay-gradient":""},"mobile":{"background-color":"var(--ast-global-color-5)","background-image":"","background-repeat":"repeat","background-position":"center center","background-size":"auto","background-attachment":"scroll","background-type":"","background-media":"","overlay-type":"","overlay-color":"","overlay-opacity":"","overlay-gradient":""}},"footnotes":""},"class_list":["post-1088","page","type-page","status-publish","hentry"],"aioseo_notices":[],"_links":{"self":[{"href":"https:\/\/www.ekerengineering.com\/en\/wp-json\/wp\/v2\/pages\/1088"}],"collection":[{"href":"https:\/\/www.ekerengineering.com\/en\/wp-json\/wp\/v2\/pages"}],"about":[{"href":"https:\/\/www.ekerengineering.com\/en\/wp-json\/wp\/v2\/types\/page"}],"author":[{"embeddable":true,"href":"https:\/\/www.ekerengineering.com\/en\/wp-json\/wp\/v2\/users\/1"}],"replies":[{"embeddable":true,"href":"https:\/\/www.ekerengineering.com\/en\/wp-json\/wp\/v2\/comments?post=1088"}],"version-history":[{"count":26,"href":"https:\/\/www.ekerengineering.com\/en\/wp-json\/wp\/v2\/pages\/1088\/revisions"}],"predecessor-version":[{"id":3019,"href":"https:\/\/www.ekerengineering.com\/en\/wp-json\/wp\/v2\/pages\/1088\/revisions\/3019"}],"wp:attachment":[{"href":"https:\/\/www.ekerengineering.com\/en\/wp-json\/wp\/v2\/media?parent=1088"}],"curies":[{"name":"wp","href":"https:\/\/api.w.org\/{rel}","templated":true}]}}